{"id":6251,"date":"2020-10-08T12:06:56","date_gmt":"2020-10-08T10:06:56","guid":{"rendered":"https:\/\/www.else-france.com\/?page_id=6251"},"modified":"2022-08-10T11:48:17","modified_gmt":"2022-08-10T09:48:17","slug":"6251-2","status":"publish","type":"page","link":"https:\/\/www.else-france.com\/index.php\/6251-2\/","title":{"rendered":"line6"},"content":{"rendered":"\n\n\t<p><a href=\"https:\/\/www.else-france.com\/pdf\/POLITIQUE_PROTECTION_DONNEES.pdf\"><strong>Politique sur la protection des donn\u00e9es personnelles<\/strong><\/a><\/p>\n\t<p><a href=\"https:\/\/www.else-france.com\/pdf\/POLITIQUE_COOKIES.pdf\"><strong>Politique sur les Cookies<\/strong><\/a><\/p>\n\t<p><a href=\"https:\/\/www.else-france.com\/pdf\/CGU.pdf\"><strong>Conditions G\u00e9n\u00e9rales d&rsquo;Utilisation du site<\/strong><\/a><\/p>\n\n","protected":false},"excerpt":{"rendered":"<p>Politique sur la protection des donn\u00e9es personnelles Politique sur les Cookies Conditions G\u00e9n\u00e9rales d&rsquo;Utilisation du site<\/p>\n","protected":false},"author":1,"featured_media":0,"parent":0,"menu_order":0,"comment_status":"closed","ping_status":"closed","template":"","meta":{"footnotes":""},"class_list":["post-6251","page","type-page","status-publish","hentry"],"jetpack_sharing_enabled":true,"_links":{"self":[{"href":"https:\/\/www.else-france.com\/index.php\/wp-json\/wp\/v2\/pages\/6251","targetHints":{"allow":["GET"]}}],"collection":[{"href":"https:\/\/www.else-france.com\/index.php\/wp-json\/wp\/v2\/pages"}],"about":[{"href":"https:\/\/www.else-france.com\/index.php\/wp-json\/wp\/v2\/types\/page"}],"author":[{"embeddable":true,"href":"https:\/\/www.else-france.com\/index.php\/wp-json\/wp\/v2\/users\/1"}],"replies":[{"embeddable":true,"href":"https:\/\/www.else-france.com\/index.php\/wp-json\/wp\/v2\/comments?post=6251"}],"version-history":[{"count":0,"href":"https:\/\/www.else-france.com\/index.php\/wp-json\/wp\/v2\/pages\/6251\/revisions"}],"wp:attachment":[{"href":"https:\/\/www.else-france.com\/index.php\/wp-json\/wp\/v2\/media?parent=6251"}],"curies":[{"name":"wp","href":"https:\/\/api.w.org\/{rel}","templated":true}]}}